{"id":31,"date":"2024-10-28T21:54:48","date_gmt":"2024-10-28T20:54:48","guid":{"rendered":"https:\/\/www.skholeava.com\/?page_id=31"},"modified":"2024-10-28T21:57:40","modified_gmt":"2024-10-28T20:57:40","slug":"la-skhole-ava","status":"publish","type":"page","link":"https:\/\/www.skholeava.com\/","title":{"rendered":"La Skhol\u00e9 AVA"},"content":{"rendered":"\n<p>Vous \u00eates invit\u00e9s \u00e0 venir nous rejoindre \u00e0 la Skhol\u00e9 AVA, lieu de dialogue et de partage ouvert \u00e0 tous ceux qui souhaitent questionner la dimension verticale de l\u2019\u00eatre humain. Il s\u2019agit de redonner corps, go\u00fbt et familiarit\u00e9 \u00e0 cette notion de \u201cspiritualit\u00e9\u201d, souvent m\u00e9connue ou discr\u00e9dit\u00e9e, qui repr\u00e9sente une partie essentielle de notre \u00eatre au monde.<\/p>\n\n\n\n<p>Deux fois par mois, le mardi soir, sont organis\u00e9es des rencontres centr\u00e9es sur une th\u00e9matique pr\u00e9sent\u00e9e par une personne d\u00e9sireuse de partager ses exp\u00e9riences de vie, ses lectures, ses r\u00e9flexions, ses croyances, afin de susciter l\u2019\u00e9change et la r\u00e9flexion commune, dans un esprit d\u2019\u00e9coute et de respect r\u00e9ciproque.<\/p>\n\n\n\n<p>La <strong>Skhol\u00e9<\/strong> <strong>AVA<\/strong> (<strong>A<\/strong>pprendre de la <strong>V<\/strong>ie et des <strong>A<\/strong>utres) n\u2019est rattach\u00e9e \u00e0 aucun enseignement particulier ni \u00e0 aucune croyance ou \u00e9cole de pens\u00e9e d\u00e9finies, pour permettre \u00e0 chacun de venir t\u00e9moigner de son exp\u00e9rience en toute libert\u00e9 selon ses convictions.<\/p>\n\n\n\n<p class=\"has-text-align-center\">Pour conna\u00eetre le programme des rencontres&nbsp;: <a href=\"http:\/\/www.skholeava.com\"><strong>www.skholeava.com<\/strong><\/a><strong>.<\/strong><\/p>\n\n\n\n<p class=\"has-text-align-center\">Pour proposer vous-m\u00eame un sujet \u00e0 pr\u00e9senter et pour toute autre question&nbsp;: <a href=\"mailto:skholeava@gmail.com\"><strong>skholeava@gmail.com<\/strong><\/a><\/p>\n\n\n\n<p class=\"has-text-align-center\"><strong>06 82 19 96 94<\/strong><strong>.<\/strong><\/p>\n\n\n\n<p class=\"has-text-align-center\"><strong><em>SKHOL\u00c9 AVA<\/em><\/strong><\/p>\n\n\n\n<p><\/p>\n\n\n\n<p class=\"has-text-align-center\"><strong>193 rue L. Pasteur<\/strong><\/p>\n\n\n\n<p class=\"has-text-align-center\"><strong>07500 Guilherand-Granges<\/strong><\/p>\n","protected":false},"excerpt":{"rendered":"<p>Vous \u00eates invit\u00e9s \u00e0 venir nous rejoindre \u00e0 la Skhol\u00e9 AVA, lieu de dialogue et de partage ouvert \u00e0 tous ceux qui souhaitent questionner la &hellip;<\/p>\n","protected":false},"author":1,"featured_media":0,"parent":0,"menu_order":0,"comment_status":"closed","ping_status":"closed","template":"","meta":{"footnotes":""},"class_list":["post-31","page","type-page","status-publish","hentry"],"_links":{"self":[{"href":"https:\/\/www.skholeava.com\/index.php\/wp-json\/wp\/v2\/pages\/31","targetHints":{"allow":["GET"]}}],"collection":[{"href":"https:\/\/www.skholeava.com\/index.php\/wp-json\/wp\/v2\/pages"}],"about":[{"href":"https:\/\/www.skholeava.com\/index.php\/wp-json\/wp\/v2\/types\/page"}],"author":[{"embeddable":true,"href":"https:\/\/www.skholeava.com\/index.php\/wp-json\/wp\/v2\/users\/1"}],"replies":[{"embeddable":true,"href":"https:\/\/www.skholeava.com\/index.php\/wp-json\/wp\/v2\/comments?post=31"}],"version-history":[{"count":4,"href":"https:\/\/www.skholeava.com\/index.php\/wp-json\/wp\/v2\/pages\/31\/revisions"}],"predecessor-version":[{"id":53,"href":"https:\/\/www.skholeava.com\/index.php\/wp-json\/wp\/v2\/pages\/31\/revisions\/53"}],"wp:attachment":[{"href":"https:\/\/www.skholeava.com\/index.php\/wp-json\/wp\/v2\/media?parent=31"}],"curies":[{"name":"wp","href":"https:\/\/api.w.org\/{rel}","templated":true}]}}