{"id":56,"date":"2024-12-29T19:58:10","date_gmt":"2024-12-29T18:58:10","guid":{"rendered":"https:\/\/www.skholeava.com\/?page_id=56"},"modified":"2026-04-07T21:31:26","modified_gmt":"2026-04-07T19:31:26","slug":"programme-des-rencontres-janvier-fevrier-2025","status":"publish","type":"page","link":"https:\/\/www.skholeava.com\/index.php\/programme-des-rencontres-janvier-fevrier-2025\/","title":{"rendered":"Nos prochaines rencontres d&rsquo;avril et mai 2026"},"content":{"rendered":"\n<p><\/p>\n\n\n\n<p>Notre prochaine rencontre aura lieu le <strong>mardi 21 avril <\/strong>avec un <strong>Cercle de R\u00e9flexion et de Dialogue<\/strong> autour d&rsquo;une th\u00e9matique propos\u00e9e par <strong>Nicole Ginon<\/strong>: <strong>\u201cPet-on croire en l&rsquo;\u00c9vangile sans s&rsquo;engager comme citoyen?\u201d<\/strong>.<\/p>\n\n\n\n<p>Lors de la rencontre suivante du <strong>mardi 5 mai<\/strong>, nous poursuivrons la lecture de l&rsquo;\u00e9vangile de Jean (<strong>\u201cLa bonne nouvelle annonc\u00e9e par Jean\u201d<\/strong>), en abordant le chapitre 8 de ce texte. Cette lecture, qui se veut plus m\u00e9ditative qu&rsquo;explicative, est propos\u00e9e et anim\u00e9e par <strong>Angelo Puggioni<\/strong>.<\/p>\n\n\n\n<p>Pour la rencontre du <strong>mardi 19 mai<\/strong>, le th\u00e8me de nos \u00e9changes, dans le cadre d&rsquo;un <strong>Cercle de R\u00e9flexion et de Dialogue<\/strong>, n&rsquo;a pas encore \u00e9t\u00e9 d\u00e9fini.<\/p>\n\n\n\n<p>Toutes ces rencontres auront lieu comme d\u2019habitude <strong>\u00e0 20H au 193 rue L. Pasteur \u00e0 Guilherand-Granges<\/strong>.<\/p>\n\n\n\n<p><\/p>\n\n\n\n<p>&nbsp;&nbsp;&nbsp;&nbsp;&nbsp;&nbsp;&nbsp;&nbsp;&nbsp;&nbsp;&nbsp;&nbsp;&nbsp;&nbsp;&nbsp;&nbsp;&nbsp;&nbsp;&nbsp;&nbsp;&nbsp;&nbsp;&nbsp;&nbsp;<\/p>\n\n\n\n<p><\/p>\n","protected":false},"excerpt":{"rendered":"<p>Notre prochaine rencontre aura lieu le mardi 21 avril avec un Cercle de R\u00e9flexion et de Dialogue autour d&rsquo;une th\u00e9matique propos\u00e9e par Nicole Ginon: \u201cPet-on &hellip;<\/p>\n","protected":false},"author":1,"featured_media":0,"parent":0,"menu_order":0,"comment_status":"closed","ping_status":"closed","template":"","meta":{"footnotes":""},"class_list":["post-56","page","type-page","status-publish","hentry"],"_links":{"self":[{"href":"https:\/\/www.skholeava.com\/index.php\/wp-json\/wp\/v2\/pages\/56","targetHints":{"allow":["GET"]}}],"collection":[{"href":"https:\/\/www.skholeava.com\/index.php\/wp-json\/wp\/v2\/pages"}],"about":[{"href":"https:\/\/www.skholeava.com\/index.php\/wp-json\/wp\/v2\/types\/page"}],"author":[{"embeddable":true,"href":"https:\/\/www.skholeava.com\/index.php\/wp-json\/wp\/v2\/users\/1"}],"replies":[{"embeddable":true,"href":"https:\/\/www.skholeava.com\/index.php\/wp-json\/wp\/v2\/comments?post=56"}],"version-history":[{"count":15,"href":"https:\/\/www.skholeava.com\/index.php\/wp-json\/wp\/v2\/pages\/56\/revisions"}],"predecessor-version":[{"id":90,"href":"https:\/\/www.skholeava.com\/index.php\/wp-json\/wp\/v2\/pages\/56\/revisions\/90"}],"wp:attachment":[{"href":"https:\/\/www.skholeava.com\/index.php\/wp-json\/wp\/v2\/media?parent=56"}],"curies":[{"name":"wp","href":"https:\/\/api.w.org\/{rel}","templated":true}]}}